{"id":10,"date":"2016-04-07T14:02:32","date_gmt":"2016-04-07T13:02:32","guid":{"rendered":"https:\/\/thebe.cgv.tugraz.at\/wp\/?page_id=10"},"modified":"2026-04-02T08:24:04","modified_gmt":"2026-04-02T07:24:04","slug":"software","status":"publish","type":"page","link":"https:\/\/www.fraunhofer-vasco.at\/index.php\/software\/","title":{"rendered":"Software"},"content":{"rendered":"<h2>Download Academic Version (FREE)<\/h2>\n<p>Das Fraunhofer VSM-Tool \u201eVASCO\u201c ist f\u00fcr Lehrzwecke frei verf\u00fcgbar. Die Registrierung erfolgt nach Installation und ist f\u00fcr 6 Monate (bzw. 1 Semester) g\u00fcltig.<\/p>\n<p>Beim Beantragen der akademischen Lizenz bitte um:<\/p>\n<ul>\n<li>\u00dcbermittlung der Installations-ID (wird angezeigt nach Installation von VASCO und anschliessendem Starten von Visio)<\/li>\n<li>E-Mail-Adresse des Absenders mit Uni- oder FH-Endung, z.B. \u201e<a href=\"mailto:Student.Name@tuwien.ac.at\">Name@tuwien.ac.at<\/a>\u201c<\/li>\n<li>Angabe von Uni bzw. Lehrstuhl und\/oder Professor, z.B. \u201eProf. Dr. Sihn von der TU Wien\u201c<\/li>\n<\/ul>\n<p>Die freie Nutzung von VASCO ist akademischen Zwecken vorbehalten.<\/p>\n<div style=\"background-color: #e0e0e0; padding: 10px; margin: auto; height: 85px;\">\n<p><a href=\"https:\/\/cloud.fraunhofer.at\/s\/ke3fRr6H6qoQ533\">VASCO 2.1.2604.02<\/a><\/p>\n<div style=\"clear: both;\"><\/div>\n<\/div>\n<p><b>Enthaltene Funktionen:<\/b> Zeichnen mit VASCO-Shapes sowie Berechnen von Durchlaufzeit, Flussrate, Produktivit\u00e4t. Die Zykluszeiten der Prozesse im Vergleich zum Kundentakt sind im Operator Balance Chart (OBC) ersichtlich. \u00c4nderungen bzw. Verbesserungen sind per Knopfdruck darstellbar.<\/p>\n<h2>Anweisungen zur Installation<\/h2>\n<h3>So installieren Sie VASCO auf Ihrem lokalen Rechner<\/h3>\n<ol>\n<li>Laden Sie die Datei herunter, indem Sie im oberen Seitenbereich auf die Schaltfl\u00e4che Herunterladen klicken und die Datei auf der Festplatte speichern.<\/li>\n<li>Starten Sie die heruntergeladene Datei.<\/li>\n<li>Befolgen Sie die Anweisungen auf dem Bildschirm, um die Installation abzuschlie\u00dfen.<\/li>\n<li>Um das Add-In zu laden, ist ein Neustart von Visio erforderlich.<\/li>\n<li>Beim Start von MS Visio \u00f6ffnet sich ein Fenster zur Registrierung. Befolgen Sie bitte den Anweisungen zur Registrierung von VASCO.<\/li>\n<li>Nach Abschluss der erfolgreichen Registrierung k\u00f6nnen Sie VASCO in der gew\u00fcnschten Konfiguration bis zum Ablauf der Lizenz uneingeschr\u00e4nkt nutzen.<\/li>\n<li>F\u00fcr einen erfolgreichen ersten Start von VASCO empfehlen wir den \u201eQuickstart-Guide\u201c<\/li>\n<li>Updates von VASCO finden Sie hier. Diese sind kostenlos, sofern Sie eine g\u00fcltige Lizenz besitzen.<\/li>\n<\/ol>\n<p><a href=\"https:\/\/cloud.fraunhofer.at\/s\/KocZQiPkHQ5YtLp?dir=\/&amp;editing=false&amp;openfile=true\">Video-Tutorials zur Installation<\/a><\/p>\n<h2>Systemanforderungen<\/h2>\n<p>Software: MS Visio 2016 oder h\u00f6her (Standard, Professional, Premium)<\/p>\n<table>\n<tbody>\n<tr>\n<th>HARDWARE<\/th>\n<th>ANFORDERUNG<\/th>\n<\/tr>\n<tr>\n<td>Computer und Prozessor<\/td>\n<td>1 GHz oder schneller, x86- oder x64-Prozessor mit SSE2<\/td>\n<\/tr>\n<tr>\n<td>Arbeitsspeicher<\/td>\n<td>4 GB RAM<\/td>\n<\/tr>\n<tr>\n<td>Festplatte<\/td>\n<td>3 GB freier Speicherplatz<\/td>\n<\/tr>\n<tr>\n<td>Bildschirm<\/td>\n<td>Aufl\u00f6sung von 1024 x 768 Pixel<\/td>\n<\/tr>\n<tr>\n<td>Grafik<\/td>\n<td>F\u00fcr die Grafik-Hardwarebeschleunigung ist eine DirectX10-Grafikkarte erforderlich.<\/td>\n<\/tr>\n<tr>\n<td>Betriebssystem<\/td>\n<td>Windows 10, Windows 11<\/td>\n<\/tr>\n<tr>\n<td>.NET-Version<\/td>\n<td>.NET 4.8<\/td>\n<\/tr>\n<\/tbody>\n<\/table>\n<h2>Quickstart-Guide<\/h2>\n<ul>\n<li>MS Visio \u00f6ffnen<\/li>\n<li>Im VASCO Reiter &#8222;New VASCO document&#8220; anklicken<\/li>\n<li>VASCO-Reiter in MS Visio wird angezeigt<\/li>\n<\/ul>\n<p><img loading=\"lazy\" decoding=\"async\" class=\"wp-image-91 size-full aligncenter\" src=\"https:\/\/thebe.cgv.tugraz.at\/wp\/wp-content\/uploads\/2016\/04\/vasco-reiter.png\" alt=\"vasco-reiter\" width=\"1028\" height=\"126\" srcset=\"https:\/\/www.fraunhofer-vasco.at\/wp\/wp-content\/uploads\/2016\/04\/vasco-reiter.png 1028w, https:\/\/www.fraunhofer-vasco.at\/wp\/wp-content\/uploads\/2016\/04\/vasco-reiter-300x37.png 300w, https:\/\/www.fraunhofer-vasco.at\/wp\/wp-content\/uploads\/2016\/04\/vasco-reiter-768x94.png 768w, https:\/\/www.fraunhofer-vasco.at\/wp\/wp-content\/uploads\/2016\/04\/vasco-reiter-1024x126.png 1024w\" sizes=\"auto, (max-width: 1028px) 100vw, 1028px\" \/><\/p>\n<ul>\n<li>Men\u00fcpunkt \u201ePlugins\u201c: Laden Sie Ihre ben\u00f6tigten Plugins<\/li>\n<li>Men\u00fcpunkt \u201eGeneral Properties\u201c: Definieren Sie schrittweise\n<ul>\n<li>Fabriktage lt. Betriebskalender<\/li>\n<li>M\u00f6gliche Schichtmodelle<\/li>\n<li>M\u00f6gliche Prozesstechnologien<\/li>\n<li>M\u00f6gliche Referenzwerte f\u00fcr Parameter, die sp\u00e4ter visuell hervorgehoben werden sollen<\/li>\n<li>Innerbetriebliche Transportmittel und ggf. Kostens\u00e4tze<\/li>\n<li>Kostens\u00e4tze f\u00fcr Mitarbeiter<\/li>\n<\/ul>\n<\/li>\n<\/ul>\n<ul>\n<li>\u00d6ffnen Sie die Eigenschaften (\u201eProperties\u201c des Kundensymbols und definieren Sie den Kundenbedarf\n<ul>\n<li>3 Szenarien sind m\u00f6glich (Average, Minimum, Maximum)<\/li>\n<li>Es sind Durchschnittswerte je Fabriktag einzugeben<\/li>\n<li>Je nach Auswahl eines Szenarios werden die Kennzahlen neu berechnet<\/li>\n<\/ul>\n<\/li>\n<li>Ziehen Sie \u00fcber \u201eCoreStencils\u201c einen Wareneingang per \u201edrag &amp; drop\u201c in das Zeichenblatt<\/li>\n<li>Ab jetzt k\u00f6nnen Sie den Wertstrom mittels Symbolen im VASCO-Reiter beliebig komplex zeichnen.<\/li>\n<li>Externe Transporte werden automatisch erkannt. Klicken Sie dazu zuerst auf den Supplier, halten \u201eStrg\u201c gedr\u00fcckt und klicken dann auf den Wareneingang. Im VASCO-Reiter ist der Button \u201eExternal Transport\u201c anklickbar.<\/li>\n<li>Anmerkung: Mit \u201eStrg\u201c gedr\u00fcckt halten k\u00f6nnen auch interne Transporte f\u00fcr Verzweigungen o.\u00e4. gezeichnet werden.<\/li>\n<li>Sobald der Wertstrom vom Supplier- bis hin zum Customer-Symbol verbunden ist, kann der \u201eActivate Calculation\u201c-Button geklickt werden<\/li>\n<li>Anmerkung: Buffer und Prozesse sind Quellen bzw. Senken (= Knoten), die mit Transporte (= Kanten) verbunden werden m\u00fcssen. Es kann eine Quelle und mehrere Senken geben.<\/li>\n<li>Die Shapes bzw. Symbole der \u201eCoreStencils\u201c sind mit Funktionen (Input-Parameter sowie berechnete Kennzahlen) hinterlegt, wobei die \u201eDrawStencils\u201c (siehe Button \u201ePlugins\u201c) zur Vervollst\u00e4ndigung des Wertstroms dienen (z.B. Informationsfluss visuell darstellen)<\/li>\n<li>Durch Anklicken des Buttons \u201eAll Properties\u201c im VASCO-Reiter werden s\u00e4mtliche Parameter von Prozessen, Lagerstufen und Transporten in einer Matrix \u00fcbersichtlich dargestellt, um eine rasche Dateneingabe zu unterst\u00fctzen.<\/li>\n<li>Im VASCO-Reiter k\u00f6nnen im Berechnungs-Modus die m\u00f6glichen Datenlinien beliebig eingeblendet werden (Button \u201eData Line Menu\u201c)<\/li>\n<li>Die Kennzahlen in der KPI-Box und auch das OBC werden im Berechnungsmodus angezeigt und aktualisiert.<\/li>\n<\/ul>","protected":false},"excerpt":{"rendered":"<p>Download Academic Version (FREE) Das Fraunhofer VSM-Tool \u201eVASCO\u201c ist f\u00fcr Lehrzwecke frei verf\u00fcgbar. Die Registrierung erfolgt nach Installation und ist f\u00fcr 6 Monate (bzw. 1 Semester) g\u00fcltig. Beim Beantragen der akademischen Lizenz bitte um: \u00dcbermittlung der Installations-ID (wird angezeigt nach Installation von VASCO und anschliessendem Starten von Visio) E-Mail-Adresse des Absenders mit Uni- oder FH-Endung, <a href=\"https:\/\/www.fraunhofer-vasco.at\/index.php\/software\/\" rel=\"nofollow\"><span class=\"sr-only\">Read more about Software<\/span>[&hellip;]<\/a><\/p>","protected":false},"author":3,"featured_media":0,"parent":0,"menu_order":0,"comment_status":"closed","ping_status":"closed","template":"template-fullwidth-no-title.php","meta":{"footnotes":""},"class_list":["post-10","page","type-page","status-publish","hentry"],"_links":{"self":[{"href":"https:\/\/www.fraunhofer-vasco.at\/index.php\/wp-json\/wp\/v2\/pages\/10","targetHints":{"allow":["GET"]}}],"collection":[{"href":"https:\/\/www.fraunhofer-vasco.at\/index.php\/wp-json\/wp\/v2\/pages"}],"about":[{"href":"https:\/\/www.fraunhofer-vasco.at\/index.php\/wp-json\/wp\/v2\/types\/page"}],"author":[{"embeddable":true,"href":"https:\/\/www.fraunhofer-vasco.at\/index.php\/wp-json\/wp\/v2\/users\/3"}],"replies":[{"embeddable":true,"href":"https:\/\/www.fraunhofer-vasco.at\/index.php\/wp-json\/wp\/v2\/comments?post=10"}],"version-history":[{"count":38,"href":"https:\/\/www.fraunhofer-vasco.at\/index.php\/wp-json\/wp\/v2\/pages\/10\/revisions"}],"predecessor-version":[{"id":769,"href":"https:\/\/www.fraunhofer-vasco.at\/index.php\/wp-json\/wp\/v2\/pages\/10\/revisions\/769"}],"wp:attachment":[{"href":"https:\/\/www.fraunhofer-vasco.at\/index.php\/wp-json\/wp\/v2\/media?parent=10"}],"curies":[{"name":"wp","href":"https:\/\/api.w.org\/{rel}","templated":true}]}}