{"id":23,"date":"2016-04-07T14:09:46","date_gmt":"2016-04-07T13:09:46","guid":{"rendered":"https:\/\/thebe.cgv.tugraz.at\/wp\/?page_id=23"},"modified":"2025-10-29T07:04:19","modified_gmt":"2025-10-29T06:04:19","slug":"impressum","status":"publish","type":"page","link":"https:\/\/www.fraunhofer-vasco.at\/index.php\/impressum\/","title":{"rendered":"Impressum"},"content":{"rendered":"<div class=\"content\">\n<div class=\"field field-name-body field-type-text-with-summary field-label-hidden\">\n<div class=\"field-items\">\n<div class=\"field-item even\">\n<h2>Impressum<\/h2>\n<p>Fraunhofer Austria Research GmbH<br \/>\nTheresianumgasse 27<br \/>\nA-1040 Wien<\/p>\n<p>Main Office: +43 1 504 69 06 | Fax: +43 1 504 69 10 90<br \/>\nE-Mail: <a href=\"mailto:office@fraunhofer.at\">office@fraunhofer.at<\/a><br \/>\n<a href=\"http:\/\/www.fraunhofer.at\">www.fraunhofer.at<\/a><\/p>\n<p>Die Fraunhofer Austria Research GmbH ist Auslandsgesellschaft der<\/p>\n<p>Fraunhofer-Gesellschaft zur F\u00f6rderung der angewandten Forschung e.V.<br \/>\nHansastra\u00dfe 27 c<br \/>\nD-80686 M\u00fcnchen<br \/>\n<a class=\"\" href=\"http:\/\/www.fraunhofer.de\">www.fraunhofer.de<\/a><\/p>\n<h4><strong>Umsatzsteuer-Identifikationsnummer gem\u00e4\u00df Umsatzsteuergesetz<\/strong><\/h4>\n<p>ATU 64723829<\/p>\n<h4><strong>Firmenbuchgericht<\/strong><\/h4>\n<p>Handelsgericht Wien<br \/>\nFirmenbuchnummer (FN): 320215 f<\/p>\n<h4><strong>Verantwortliche Redakteure:<\/strong><\/h4>\n<p>Gesch\u00e4ftsf\u00fchrer:<br \/>\nUniv.-Prof. Dr.-Ing. Sebastian Schlund<\/p>\n<h4><strong>Nutzungsrechte<\/strong><\/h4>\n<p>Fraunhofer Austria Research Gesellschaft mit beschr\u00e4nkter Haftung<br \/>\nTheresianumgasse 7<br \/>\nA-1040 Wien<\/p>\n<p>Alle Rechte vorbehalten.<br \/>\nDie Urheberrechte dieser Website liegen vollst\u00e4ndig bei der Fraunhofer Austria Research Gesellschaft mit beschr\u00e4nkter Haftung.<br \/>\nBildmotive d\u00fcrfen nur f\u00fcr redaktionelle Zwecke, mit Quellenangabe genutzt werden. Graphische Ver\u00e4nderungen \u2013 au\u00dfer zum Freistellen des Hauptmotivs \u2013 sind nicht gestattet.<\/p>\n<p>Es ist hiermit ausdr\u00fccklich gestattet \u2013 unter Ma\u00dfgabe untenstehender Einschr\u00e4nkungen \u2013 diese Webseiten sowie darin eingeh\u00e4ngte Dokumente zu kopieren, zu drucken und zu verteilen.<\/p>\n<p>Die hier zur Verf\u00fcgung gestellten Web-Seiten und Dokumente d\u00fcrfen nur zu Informationszwecken verwendet werden.<\/p>\n<p>Diese Seiten und Dokumente d\u00fcrfen nicht kommerziell verwertet werden.<\/p>\n<p>Jede Kopie (dies gilt auch f\u00fcr Ausz\u00fcge) muss den oben genannten Urheberrechtsnachweis enthalten.<\/p>\n<h4><strong>Haftungshinweis<\/strong><\/h4>\n<p>Wir \u00fcbernehmen keine Haftung f\u00fcr die Inhalte externer Links, daf\u00fcr sind ausschlie\u00dflich deren Betreiber verantwortlich.<\/p>\n<p>Die Fraunhofer Austria Research Gesellschaft mit beschr\u00e4nkter Haftung ist bem\u00fcht, ihr Webangebot stets aktuell und inhaltlich richtig sowie vollst\u00e4ndig anzubieten. Dennoch ist das Auftreten von Fehlern nicht v\u00f6llig auszuschlie\u00dfen. Daher \u00fcbernehmen wir keine Haftung f\u00fcr die Aktualit\u00e4t, die inhaltliche Richtigkeit oder Vollst\u00e4ndigkeit der auf unserer Website erhaltenen Informationen.<\/p>\n<p>Gesch\u00fctzte Marken und Namen, Bilder und Texte werden auf unseren Seiten in der Regel nicht als solche kenntlich gemacht. Das Fehlen einer solchen Kennzeichnung bedeutet jedoch nicht, dass es sich um einen freien Namen, ein freies Bild oder einen freien Text handelt.<\/p>\n<\/div>\n<\/div>\n<\/div>\n<\/div>","protected":false},"excerpt":{"rendered":"<p>Impressum Fraunhofer Austria Research GmbH Theresianumgasse 27 A-1040 Wien Main Office: +43 1 504 69 06 | Fax: +43 1 504 69 10 90 E-Mail: office@fraunhofer.at www.fraunhofer.at Die Fraunhofer Austria Research GmbH ist Auslandsgesellschaft der Fraunhofer-Gesellschaft zur F\u00f6rderung der angewandten Forschung e.V. Hansastra\u00dfe 27 c D-80686 M\u00fcnchen www.fraunhofer.de Umsatzsteuer-Identifikationsnummer gem\u00e4\u00df Umsatzsteuergesetz ATU 64723829 Firmenbuchgericht Handelsgericht <a href=\"https:\/\/www.fraunhofer-vasco.at\/index.php\/impressum\/\" rel=\"nofollow\"><span class=\"sr-only\">Read more about Impressum<\/span>[&hellip;]<\/a><\/p>","protected":false},"author":3,"featured_media":0,"parent":0,"menu_order":0,"comment_status":"closed","ping_status":"closed","template":"template-fullwidth-no-title.php","meta":{"footnotes":""},"class_list":["post-23","page","type-page","status-publish","hentry"],"_links":{"self":[{"href":"https:\/\/www.fraunhofer-vasco.at\/index.php\/wp-json\/wp\/v2\/pages\/23","targetHints":{"allow":["GET"]}}],"collection":[{"href":"https:\/\/www.fraunhofer-vasco.at\/index.php\/wp-json\/wp\/v2\/pages"}],"about":[{"href":"https:\/\/www.fraunhofer-vasco.at\/index.php\/wp-json\/wp\/v2\/types\/page"}],"author":[{"embeddable":true,"href":"https:\/\/www.fraunhofer-vasco.at\/index.php\/wp-json\/wp\/v2\/users\/3"}],"replies":[{"embeddable":true,"href":"https:\/\/www.fraunhofer-vasco.at\/index.php\/wp-json\/wp\/v2\/comments?post=23"}],"version-history":[{"count":7,"href":"https:\/\/www.fraunhofer-vasco.at\/index.php\/wp-json\/wp\/v2\/pages\/23\/revisions"}],"predecessor-version":[{"id":632,"href":"https:\/\/www.fraunhofer-vasco.at\/index.php\/wp-json\/wp\/v2\/pages\/23\/revisions\/632"}],"wp:attachment":[{"href":"https:\/\/www.fraunhofer-vasco.at\/index.php\/wp-json\/wp\/v2\/media?parent=23"}],"curies":[{"name":"wp","href":"https:\/\/api.w.org\/{rel}","templated":true}]}}