{"id":245,"date":"2016-12-06T13:16:48","date_gmt":"2016-12-06T12:16:48","guid":{"rendered":"http:\/\/www.fraunhofer-vasco.at\/?page_id=245"},"modified":"2021-03-22T10:57:31","modified_gmt":"2021-03-22T09:57:31","slug":"publikationen","status":"publish","type":"page","link":"https:\/\/www.fraunhofer-vasco.at\/index.php\/publikationen\/","title":{"rendered":"Publikationen"},"content":{"rendered":"<h3>Fachbeitr\u00e4ge:<\/h3>\n<ul>\n<li>Edtmayr, T., Sunk, A., Sihn, W., 2016a. An Approach to Integrate Parameters and Indicators of Sustainability Management into Value Stream Mapping. Procedia CIRP, Research and Innovation in Manufacturing: Key Enabling Technologies for the Factories of the Future &#8211; Proceedings of the 48th CIRP Conference on Manufacturing Systems 41, 289\u2013294. doi:10.1016\/j.procir.2015.08.037<\/li>\n<li>Berndt, R., Sunk, A., 2016. Value Stream Mapping with VASCO &#8211; From Reducing Lead Time to Sustainable Production Management [WWW Document]. URL http:\/\/ercim-news.ercim.eu\/en105\/special\/value-stream-mapping-with-vasco-from-reducing-lead-time-to-sustainable-production-management (accessed 4.14.16).<\/li>\n<li>Berndt, R., Silva, N., Caldera, C., Krispel, U., Eggeling, E., Sunk, A., Reisinger, G., Sihn, W., Fellner, D.W., 2016. VASCO &#8211; Digging the Dead Man&#8217;s Chest of Value Streams. IARIA J. 9. doi:IN PRESS<\/li>\n<li>Kuhlang, P., Edtmayr, T., Sunk, A., Morawetz, C., Sihn, W., 2011. Utilizing a Process Management Approach to Standardise the Application of Value Stream Mapping. Braz. J. Oper. Prod. Manag. Vol 8.<\/li>\n<li>Kuhlang, P., Edtmayr, T., Sunk, A., Sihn, W., 2012. Methodische Produktivit\u00e4tssteigerung. Kombinierter Ansatz zur Produktivit\u00e4tssteigerung mittels WSD und MTM in Montage- und produktionslogistischen Prozessen. Z. F\u00fcr Wirtsch. Fabr. No.1-2, pp.55-60.<\/li>\n<li>Kuhlang, P., Edtmayr, T., Sunk, A., Hrach, M., Sihn, W., 2014b. Weiterentwicklung des Wertstromdesigns. Steigerung der personalen und organisationalen System- und Methodenkompetenz. Ind. Manag. 30.<\/li>\n<li>Sunk, A., Kuhlang, P., Sihn, W., 2015. Improving Productivity by Deriving and Defining Target Conditions in the Value Stream of Packing. Trans. FAMENA 39, 35\u201346.<\/li>\n<\/ul>\n<h3>Buchbeitr\u00e4ge:<\/h3>\n<ul>\n<li>Sunk, A., Edtmayr, T., Sihn, W., 2016. Ansatz zur Bewertung der Abfallentstehung im Wertstrom, in: Biedermann, H. (Ed.), Industrial Engineering und Management, Techno-\u00f6konomische Forschung und Praxis. Springer Fachmedien Wiesbaden, pp. 267\u2013281.<\/li>\n<li>Edtmayr, T., Sunk, A., Sihn, W., 2016b. Prozessorientierte CO2-Bewertung in der Produktion als Bestandteil des ganzheitlichen Wertstrommanagements. Schriftenreihe Hochschulgruppe F\u00fcr Arb.- Betriebsorganisation E VHAB Gito Verl.<\/li>\n<li>Edtmayr, T., Kuhlang, P., Sunk, A., Sihn, W., 2013. Systematische Weiterentwicklung des Wertstromdesigns zur Steigerung der kollektiven Intelligenz von Unternehmen, in: Biedermann, H. (Ed.), Corporate Capability Management: wie wird kollektive Intelligenz im Unternehmen genutzt?, Schriftenreihe der Hochschulgruppe f\u00fcr Arbeits- und Betriebsorganisation e.V. (HAB). Gito-Verl, Berlin, S. 446-448.<\/li>\n<li>Kuhlang, P., Edtmayr, T., Sunk, A., Sihn, W., 2013b. Systematische Weiterentwicklung der Wertstrommethode zur prozessorientierten Gestaltung und Bewertung von Arbeitssystemen, in: Partnerschaft F\u00fcr Pr\u00e4vention Und Arbeitsgestaltung. GfA-Press, Dortmund, S. 111-123.<\/li>\n<li>Kuhlang, P., Edtmayr, T., Sunk, A., Sihn, W., 2013c. Weiterentwicklung des Wertstromdesigns zur prozessorientierten Gestaltung und Bewertung von Arbeitssystemen, in: L\u00f6dding, H. (Ed.), Produzieren in Deutschland: Wettbewerbsf\u00e4higkeit Im 21. Jahrhundert. Gito, Berlin, S. 205-219.<\/li>\n<li>Sunk, A., Nemeth, T., Edtmayr, T., Kuhlang, P., Sihn, W., 2014a. Modellierung logistischer Prozesse als Grundlage systematischer Verbesserungsarbeit mit Zielzust\u00e4nden. Logistische Modellier. 2 Wiss. Ind.-Dialog Leoben WilD 25, S. 15\u201330.<\/li>\n<\/ul>\n<h3>Fachbuch:<\/h3>\n<ul>\n<li>Sihn, W., Sunk, A., Nemeth, T., Kuhlang, P., Matyas, K., 2016. Produktion und Qualit\u00e4t: Organisation, Management, Prozesse, Praxisreihe Qualit\u00e4tswissen \/ Herausgegeben von Kurt Matyas. Hanser, Carl, M\u00fcnchen.<\/li>\n<\/ul>\n<h3>Konferenz-Beitr\u00e4ge:<\/h3>\n<ul>\n<li>Kuhlang, P., Edtmayr, T., Sunk, A., 2014a. Further development of Value Stream Mapping to design work systems, in: Proceedings of IIE Industrial and Systems Engineering Research Conference. Montreal, Canada.<\/li>\n<li>Sunk, A., Nemeth, T., Edtmayr, T., Kuhlang, P., Sihn, W., 2014b. Increasing Productivity Systematically by Applying Target-Conditions in Logistical Value Streams. Presented at the MOTSP 2014, 6th International Scientific Conference \u201cManagement of Technology &#8211; Step to Sustainable Production,\u009d Zagreb: Croatian Association for PLM, Bol\/Croatia, p. 8pp.<\/li>\n<li>Kuhlang, P., Edtmayr, T., Sunk, A., M\u00fchlbradt, T., 2014c. Enhancing work system design and improvement by further developments of value stream mapping, in: 2014 IEEE International Conference on Industrial Engineering and Engineering Management, IEEM 2014, Selangor Darul Ehsan, Malaysia, December 9-12, 2014. pp. 464\u2013469. doi:10.1109\/IEEM.2014.7058681<\/li>\n<li>Kuhlang, P., Sunk, A., 2015. Productivity Improvement in Logistical Work Systems of the Genuine Parts Supply Chain, in: Online-Proceedings of the 2015 IEEE Conference on Industrial Engineering and Industrial Management. Presented at the 2015 IEEE Conference on Industrial Engineering and Industrial Management, Singapur.<\/li>\n<li>Berndt, R., Silva, N., Caldera, C., Krispel, U., Eggeling, E., Sunk, A., Edtmayr, T., Sihn, W., Fellner, D.W., 2016. VASCO &#8211; Mastering the Shoals of Value Stream Mapping. Presented at the CONTENT 2016, The Eighth International Conference on Creative Content Technologies, pp. 42\u201347.<\/li>\n<\/ul>","protected":false},"excerpt":{"rendered":"<p>Fachbeitr\u00e4ge: Edtmayr, T., Sunk, A., Sihn, W., 2016a. An Approach to Integrate Parameters and Indicators of Sustainability Management into Value Stream Mapping. Procedia CIRP, Research and Innovation in Manufacturing: Key Enabling Technologies for the Factories of the Future &#8211; Proceedings of the 48th CIRP Conference on Manufacturing Systems 41, 289\u2013294. doi:10.1016\/j.procir.2015.08.037 Berndt, R., Sunk, A., <a href=\"https:\/\/www.fraunhofer-vasco.at\/index.php\/publikationen\/\" rel=\"nofollow\"><span class=\"sr-only\">Read more about Publikationen<\/span>[&hellip;]<\/a><\/p>","protected":false},"author":3,"featured_media":0,"parent":0,"menu_order":0,"comment_status":"closed","ping_status":"closed","template":"template-fullwidth-no-title.php","meta":{"footnotes":""},"class_list":["post-245","page","type-page","status-publish","hentry"],"_links":{"self":[{"href":"https:\/\/www.fraunhofer-vasco.at\/index.php\/wp-json\/wp\/v2\/pages\/245","targetHints":{"allow":["GET"]}}],"collection":[{"href":"https:\/\/www.fraunhofer-vasco.at\/index.php\/wp-json\/wp\/v2\/pages"}],"about":[{"href":"https:\/\/www.fraunhofer-vasco.at\/index.php\/wp-json\/wp\/v2\/types\/page"}],"author":[{"embeddable":true,"href":"https:\/\/www.fraunhofer-vasco.at\/index.php\/wp-json\/wp\/v2\/users\/3"}],"replies":[{"embeddable":true,"href":"https:\/\/www.fraunhofer-vasco.at\/index.php\/wp-json\/wp\/v2\/comments?post=245"}],"version-history":[{"count":7,"href":"https:\/\/www.fraunhofer-vasco.at\/index.php\/wp-json\/wp\/v2\/pages\/245\/revisions"}],"predecessor-version":[{"id":574,"href":"https:\/\/www.fraunhofer-vasco.at\/index.php\/wp-json\/wp\/v2\/pages\/245\/revisions\/574"}],"wp:attachment":[{"href":"https:\/\/www.fraunhofer-vasco.at\/index.php\/wp-json\/wp\/v2\/media?parent=245"}],"curies":[{"name":"wp","href":"https:\/\/api.w.org\/{rel}","templated":true}]}}